{"id":5000,"date":"2023-04-27T00:07:40","date_gmt":"2023-04-27T00:07:40","guid":{"rendered":"https:\/\/www.atencioncorporativa.com\/?page_id=5000"},"modified":"2023-05-17T23:25:06","modified_gmt":"2023-05-17T23:25:06","slug":"aviso-privacidad-colaboradores","status":"publish","type":"page","link":"https:\/\/www.atencioncorporativa.com\/index.php\/aviso-privacidad-colaboradores\/","title":{"rendered":"Aviso Privacidad &#8211; Colaboradores"},"content":{"rendered":"\t\t<div data-elementor-type=\"wp-page\" data-elementor-id=\"5000\" class=\"elementor elementor-5000\">\n\t\t\t\t\t\t\t\t\t<section class=\"elementor-section elementor-top-section elementor-element elementor-element-4cda7c2 elementor-section-full_width elementor-section-height-min-height elementor-section-items-bottom elementor-section-height-default\" data-id=\"4cda7c2\" data-element_type=\"section\" data-settings=\"{&quot;jet_parallax_layout_list&quot;:[],&quot;background_background&quot;:&quot;classic&quot;}\">\n\t\t\t\t\t\t<div class=\"elementor-container elementor-column-gap-no\">\n\t\t\t\t\t<div class=\"elementor-column elementor-col-100 elementor-top-column elementor-element elementor-element-737c22c\" data-id=\"737c22c\" data-element_type=\"column\">\n\t\t\t<div class=\"elementor-widget-wrap elementor-element-populated\">\n\t\t\t\t\t\t\t\t<div class=\"elementor-element elementor-element-4ff240e elementor-widget elementor-widget-heading\" data-id=\"4ff240e\" data-element_type=\"widget\" data-widget_type=\"heading.default\">\n\t\t\t\t<div class=\"elementor-widget-container\">\n\t\t\t<style>\/*! elementor - v3.13.3 - 28-05-2023 *\/\n.elementor-heading-title{padding:0;margin:0;line-height:1}.elementor-widget-heading .elementor-heading-title[class*=elementor-size-]>a{color:inherit;font-size:inherit;line-height:inherit}.elementor-widget-heading .elementor-heading-title.elementor-size-small{font-size:15px}.elementor-widget-heading .elementor-heading-title.elementor-size-medium{font-size:19px}.elementor-widget-heading .elementor-heading-title.elementor-size-large{font-size:29px}.elementor-widget-heading .elementor-heading-title.elementor-size-xl{font-size:39px}.elementor-widget-heading .elementor-heading-title.elementor-size-xxl{font-size:59px}<\/style><h2 class=\"elementor-heading-title elementor-size-default\">Aviso de privacidad<\/h2>\t\t<\/div>\n\t\t\t\t<\/div>\n\t\t\t\t<div class=\"elementor-element elementor-element-3f87920 animated-slow elementor-invisible elementor-widget elementor-widget-heading\" data-id=\"3f87920\" data-element_type=\"widget\" data-settings=\"{&quot;_animation&quot;:&quot;fadeInLeft&quot;}\" data-widget_type=\"heading.default\">\n\t\t\t\t<div class=\"elementor-widget-container\">\n\t\t\t<h2 class=\"elementor-heading-title elementor-size-default\">Aviso de privacidad (Colaboradores)<\/h2>\t\t<\/div>\n\t\t\t\t<\/div>\n\t\t\t\t\t<\/div>\n\t\t<\/div>\n\t\t\t\t\t\t\t<\/div>\n\t\t<\/section>\n\t\t<div class=\"elementor-element elementor-element-c7dffcd e-con-boxed e-flex e-con\" data-id=\"c7dffcd\" data-element_type=\"container\" data-settings=\"{&quot;jet_parallax_layout_list&quot;:[],&quot;content_width&quot;:&quot;boxed&quot;}\">\n\t\t\t\t\t<div class=\"e-con-inner\">\n\t\t\t\t<div class=\"elementor-element elementor-element-0c5eeeb elementor-widget elementor-widget-text-editor\" data-id=\"0c5eeeb\" data-element_type=\"widget\" data-widget_type=\"text-editor.default\">\n\t\t\t\t<div class=\"elementor-widget-container\">\n\t\t\t<style>\/*! elementor - v3.13.3 - 28-05-2023 *\/\n.elementor-widget-text-editor.elementor-drop-cap-view-stacked .elementor-drop-cap{background-color:#69727d;color:#fff}.elementor-widget-text-editor.elementor-drop-cap-view-framed .elementor-drop-cap{color:#69727d;border:3px solid;background-color:transparent}.elementor-widget-text-editor:not(.elementor-drop-cap-view-default) .elementor-drop-cap{margin-top:8px}.elementor-widget-text-editor:not(.elementor-drop-cap-view-default) .elementor-drop-cap-letter{width:1em;height:1em}.elementor-widget-text-editor .elementor-drop-cap{float:left;text-align:center;line-height:1;font-size:50px}.elementor-widget-text-editor .elementor-drop-cap-letter{display:inline-block}<\/style>\t\t\t\t<p><b>AVISO DE PRIVACIDAD COLABORADORES.<\/b><\/p><p><b>ATENCI\u00d3N CORPORATIVA DE M\u00c9XICO S.A. DE C.V<\/b><\/p><p>Dirigido a toda persona que proporcione sus datos a la\u00a0empresa.<\/p><p>El presente aviso de privacidad tiene como objeto informarle\u00a0sobre el tratamiento que se dar\u00e1 a los datos personales que\u00a0<span style=\"color: var( --e-global-color-secondary );\">sean recabados, utilizados, almacenados y\/o transferidos por\u00a0Atenci\u00f3n Corporativa de M\u00e9xico S.A. de C.V. y\/o empresas\u00a0<\/span><span style=\"color: var( --e-global-color-secondary );\">filiales o subsidiarias (con quienes tiene convenio).<\/span><\/p><p>\u00a0<\/p><p><b>IDENTIDAD Y DOMICILIO DEL RESPONSABLE.<\/b><\/p><p>De acuerdo a lo previsto en la \u201cLey Federal de Protecci\u00f3n de\u00a0Datos Personales en Posesi\u00f3n de Particulares\u201d, declara Atenci\u00f3n\u00a0<span style=\"color: var( --e-global-color-secondary );\">Corporativa de M\u00e9xico S.A. de C.V., ser una empresa\u00a0legalmente constituida de conformidad con las leyes mexicanas, con\u00a0<\/span><span style=\"color: var( --e-global-color-secondary );\">domicilio en Avenida Observatorio N\u00famero 444, Colonia 16 de\u00a0Septiembre, C.P. 11810, Alcald\u00eda Miguel Hidalgo, CDMX; y\u00a0<\/span><span style=\"color: var( --e-global-color-secondary );\">como responsable del uso y protecci\u00f3n de sus datos personales,\u00a0hace de su conocimiento que sus datos son tratados de\u00a0<\/span><span style=\"color: var( --e-global-color-secondary );\">forma estrictamente confidencial.<\/span><\/p><p>\u00a0<\/p><p><b>FINALIDAD DEL TRATAMIENTO DE LOS DATOS SOLICITADOS.<\/b><\/p><p>Los datos personales tanto sensibles como no sensibles que\u00a0se recaben de usted, tendr\u00e1n el uso que a continuaci\u00f3n se\u00a0<span style=\"color: var( --e-global-color-secondary );\">describe, los cuales son necesarios para el desarrollo de la\u00a0relaci\u00f3n con la empresa:<\/span><\/p><p>\u00a0<\/p><p style=\"text-indent: -18.0pt; mso-list: l0 level1 lfo1;\"><!-- [if !supportLists]--><span style=\"font-family: Symbol; mso-fareast-font-family: Symbol; mso-bidi-font-family: Symbol;\">\u00a0 \u00a0 \u00a0 \u00a0 \u00a0 \u00b7<span style=\"font-variant-numeric: normal; font-variant-east-asian: normal; font-variant-alternates: normal; font-kerning: auto; font-optical-sizing: auto; font-feature-settings: normal; font-variation-settings: normal; font-stretch: normal; font-size: 7pt; line-height: normal; font-family: 'Times New Roman';\">\u00a0\u00a0\u00a0\u00a0\u00a0\u00a0\u00a0\u00a0<\/span><\/span>Para identificaci\u00f3n, ubicaci\u00f3n, comunicaci\u00f3n y\u00a0contacto con usted.<\/p><p style=\"text-indent: -18.0pt; mso-list: l0 level1 lfo1;\"><!-- [if !supportLists]--><span style=\"font-family: Symbol; mso-fareast-font-family: Symbol; mso-bidi-font-family: Symbol;\">\u00a0 \u00a0 \u00a0 \u00a0 \u00a0 \u00b7<span style=\"font-variant-numeric: normal; font-variant-east-asian: normal; font-variant-alternates: normal; font-kerning: auto; font-optical-sizing: auto; font-feature-settings: normal; font-variation-settings: normal; font-stretch: normal; font-size: 7pt; line-height: normal; font-family: 'Times New Roman';\">\u00a0\u00a0\u00a0\u00a0\u00a0\u00a0\u00a0\u00a0<\/span><\/span>Para env\u00edo o suministro de informaci\u00f3n de la\u00a0empresa.<\/p><p style=\"text-indent: -18.0pt; mso-list: l0 level1 lfo1;\"><!-- [if !supportLists]--><span style=\"font-family: Symbol; mso-fareast-font-family: Symbol; mso-bidi-font-family: Symbol;\">\u00a0 \u00a0 \u00a0 \u00a0 \u00a0 \u00b7<span style=\"font-variant-numeric: normal; font-variant-east-asian: normal; font-variant-alternates: normal; font-kerning: auto; font-optical-sizing: auto; font-feature-settings: normal; font-variation-settings: normal; font-stretch: normal; font-size: 7pt; line-height: normal; font-family: 'Times New Roman';\">\u00a0 \u00a0 \u00a0 \u00a0 <\/span><\/span>Para reclutamiento, selecci\u00f3n y administraci\u00f3n\u00a0de personal.<\/p><p style=\"text-indent: -18.0pt; mso-list: l0 level1 lfo1;\"><!-- [if !supportLists]--><span style=\"font-family: Symbol; mso-fareast-font-family: Symbol; mso-bidi-font-family: Symbol;\">\u00a0 \u00a0 \u00a0 \u00a0 \u00a0 \u00b7<span style=\"font-variant-numeric: normal; font-variant-east-asian: normal; font-variant-alternates: normal; font-kerning: auto; font-optical-sizing: auto; font-feature-settings: normal; font-variation-settings: normal; font-stretch: normal; font-size: 7pt; line-height: normal; font-family: 'Times New Roman';\">\u00a0\u00a0\u00a0\u00a0\u00a0\u00a0\u00a0\u00a0<\/span><\/span>Alta en nuestras bases de datos colaboradores.<\/p><p style=\"text-indent: -18.0pt; mso-list: l0 level1 lfo1;\"><!-- [if !supportLists]--><span style=\"font-family: Symbol; mso-fareast-font-family: Symbol; mso-bidi-font-family: Symbol;\">\u00a0 \u00a0 \u00a0 \u00a0 \u00a0 \u00b7<span style=\"font-variant-numeric: normal; font-variant-east-asian: normal; font-variant-alternates: normal; font-kerning: auto; font-optical-sizing: auto; font-feature-settings: normal; font-variation-settings: normal; font-stretch: normal; font-size: 7pt; line-height: normal; font-family: 'Times New Roman';\">\u00a0\u00a0\u00a0\u00a0\u00a0\u00a0\u00a0\u00a0<\/span><\/span>Para cumplimiento de obligaciones derivadas de operaciones laborales o prestaci\u00f3n de servicios\u00a0 \u00a0 \u00a0 \u00a0 \u00a0 \u00a0 \u00a0 \u00a0 \u00a0 en las que\u00a0<span style=\"color: var( --e-global-color-secondary );\">es parte, ya sea como contrataciones,\u00a0operaciones financieras, administrativas y pagos.<\/span><\/p><p>\u00a0<\/p><p>De manera adicional, podremos usar su informaci\u00f3n para las\u00a0siguientes finalidades, las cuales no son indispensables para l<span style=\"color: var( --e-global-color-secondary );\">a relaci\u00f3n de las partes pero que facilitan una mejor\u00a0atenci\u00f3n para usted y retroalimentaci\u00f3n para la empresa, como son:<\/span><\/p><p>\u00a0<\/p><p style=\"text-indent: -18.0pt; mso-list: l0 level1 lfo1;\"><!-- [if !supportLists]--><span style=\"font-family: Symbol; mso-fareast-font-family: Symbol; mso-bidi-font-family: Symbol;\">\u00a0 \u00a0 \u00a0 \u00a0 \u00a0 \u00b7<span style=\"font-variant-numeric: normal; font-variant-east-asian: normal; font-variant-alternates: normal; font-kerning: auto; font-optical-sizing: auto; font-feature-settings: normal; font-variation-settings: normal; font-stretch: normal; font-size: 7pt; line-height: normal; font-family: 'Times New Roman';\">\u00a0\u00a0\u00a0\u00a0\u00a0\u00a0\u00a0\u00a0<\/span><\/span>An\u00e1lisis del desempe\u00f1o laboral o profesional.<\/p><p style=\"text-indent: -18.0pt; mso-list: l0 level1 lfo1;\"><!-- [if !supportLists]--><span style=\"font-family: Symbol; mso-fareast-font-family: Symbol; mso-bidi-font-family: Symbol;\">\u00a0 \u00a0 \u00a0 \u00a0 \u00a0 \u00b7<span style=\"font-variant-numeric: normal; font-variant-east-asian: normal; font-variant-alternates: normal; font-kerning: auto; font-optical-sizing: auto; font-feature-settings: normal; font-variation-settings: normal; font-stretch: normal; font-size: 7pt; line-height: normal; font-family: 'Times New Roman';\">\u00a0\u00a0\u00a0\u00a0\u00a0\u00a0\u00a0\u00a0<\/span><\/span>Informaci\u00f3n estad\u00edstica.<\/p><p style=\"text-indent: -18.0pt; mso-list: l0 level1 lfo1;\"><!-- [if !supportLists]--><span style=\"font-family: Symbol; mso-fareast-font-family: Symbol; mso-bidi-font-family: Symbol;\">\u00a0 \u00a0 \u00a0 \u00a0 \u00a0 \u00a0\u00b7<span style=\"font-variant-numeric: normal; font-variant-east-asian: normal; font-variant-alternates: normal; font-kerning: auto; font-optical-sizing: auto; font-feature-settings: normal; font-variation-settings: normal; font-stretch: normal; font-size: 7pt; line-height: normal; font-family: 'Times New Roman';\">\u00a0\u00a0\u00a0\u00a0\u00a0\u00a0\u00a0\u00a0<\/span><\/span>Clima organizacional.<\/p><p>Los datos solicitados a los colaboradores o prestadores de\u00a0servicios son:<\/p><p>Datos de identificaci\u00f3n &#8211; nombre completo, domicilio,\u00a0direcci\u00f3n de correo electr\u00f3nico, n\u00famero telef\u00f3nico, firma, RFC, CURP,\u00a0<span style=\"color: var( --e-global-color-secondary );\">fecha de nacimiento, edad, sexo, nacionalidad*, carta de\u00a0antecedentes penales*, estado civil y nombre de los padres.<\/span><\/p><p>\u00a0<\/p><p>Datos laborales \u2013 puesto, \u00e1rea, tiempo laborado,\u00a0motivo de baja, domicilio, direcci\u00f3n de correo electr\u00f3nico y tel\u00e9fono de\u00a0<span style=\"color: var( --e-global-color-secondary );\">trabajo.<\/span><\/p><p>\u00a0<\/p><p>Datos patrimoniales &#8211; cr\u00e9dito de INFONAVIT, ingreso\u00a0econ\u00f3mico, n\u00famero de IMSS, cuenta bancaria (en la que recibir\u00e1 su\u00a0<span style=\"color: var( --e-global-color-secondary );\">pago).<\/span><\/p><p>\u00a0<\/p><p>Datos acad\u00e9micos \u2013 trayectoria educativa, nombre de\u00a0la escuela, t\u00edtulo, n\u00famero de c\u00e9dula, Certificados.<\/p><p>Datos de salud \u2013 estado de salud* y alergias a\u00a0medicamentos.<\/p><p>Caracter\u00edsticas personales \u2013 tipo de sangre* y huella\u00a0digital* (s\u00f3lo personal administrativo).<\/p><p>Caracter\u00edsticas f\u00edsicas \u2013 fotograf\u00eda.<\/p><p>Los datos personales se\u00f1alados con asterisco (*) son\u00a0considerados sensibles y ser\u00e1n tratados con especial cuidado con la\u00a0<span style=\"color: var( --e-global-color-secondary );\">finalidad no afectar su intimidad, por lo cual se requiere\u00a0de su consentimiento.<\/span><\/p><p>\u00a0<\/p><p>En caso de no desear que sus datos personales sean tratados\u00a0para los fines antes mencionados, o desee oponerse a\u00a0<span style=\"color: var( --e-global-color-secondary );\">compartir alg\u00fan dato sensible, usted lo puede comunicar al\u00a0momento de proporcionar sus datos, o bien, posteriormente\u00a0<\/span><span style=\"color: var( --e-global-color-secondary );\">extern\u00e1ndolo v\u00eda correo electr\u00f3nico a la cuenta: <\/span><b style=\"color: var( --e-global-color-secondary );\">atencionalcliente@atencion.com<\/b><\/p><p>\u00a0<\/p><p><b>DERECHOS QUE LE CORRESPONDEN.<\/b><\/p><p>El titular de datos personales podr\u00e1 hacer efectivos los derechos ARCO (acceso, rectificaci\u00f3n, cancelaci\u00f3n y oposici\u00f3n)\u00a0<span style=\"color: var( --e-global-color-secondary );\">respecto al tratamiento de sus datos personales, dirigiendo\u00a0su solicitud ante el Comit\u00e9 de Protecci\u00f3n de Datos personales\u00a0<\/span><span style=\"color: var( --e-global-color-secondary );\">v\u00eda correo electr\u00f3nico atencionalcliente@atencion.com;\u00a0asimismo podr\u00e1 revocar en todo momento el consentimiento\u00a0<\/span><span style=\"color: var( --e-global-color-secondary );\">que haya otorgado y que fuere necesario para el tratamiento\u00a0de sus datos personales, debiendo tomar en cuenta que hay\u00a0<\/span><span style=\"color: var( --e-global-color-secondary );\">datos que son necesarios para mantener la relaci\u00f3n con\u00a0usted, y que en caso de que usted solicitara la revocaci\u00f3n de los\u00a0<\/span><span style=\"color: var( --e-global-color-secondary );\">mismos, nos impedir\u00e1 mantener dicha relaci\u00f3n, lo que\u00a0derivar\u00eda en su terminaci\u00f3n.<\/span><\/p><p>\u00a0<\/p><p>La recepci\u00f3n de solicitudes podr\u00e1 realizarse de lunes a\u00a0viernes de 09:00 a 18:00 horas (exceptuando d\u00edas festivos). Para lo\u00a0<span style=\"color: var( --e-global-color-secondary );\">anterior, deber\u00e1 hacernos saber de forma detallada los datos\u00a0personales a los que usted desea tener acceso, requiere\u00a0<\/span><span style=\"color: var( --e-global-color-secondary );\">rectificaci\u00f3n, cancelaci\u00f3n o revisi\u00f3n. Adem\u00e1s, deber\u00e1\u00a0contener: los requisitos que solicita la Ley (Art. 29) para llevarlo a cabo:<\/span><\/p><p>\u00a0<\/p><p style=\"text-indent: -18.0pt; mso-list: l0 level1 lfo1;\"><!-- [if !supportLists]--><span style=\"font-family: Symbol; mso-fareast-font-family: Symbol; mso-bidi-font-family: Symbol;\">\u00a0 \u00a0 \u00a0 \u00a0 \u00a0 \u00b7<span style=\"font-variant-numeric: normal; font-variant-east-asian: normal; font-variant-alternates: normal; font-kerning: auto; font-optical-sizing: auto; font-feature-settings: normal; font-variation-settings: normal; font-stretch: normal; font-size: 7pt; line-height: normal; font-family: 'Times New Roman';\">\u00a0\u00a0\u00a0\u00a0\u00a0\u00a0\u00a0<\/span><\/span>Nombre del titular y domicilio completo o\u00a0cualquier otro medio para comunicarle la respuesta a la\u00a0 \u00a0 \u00a0 \u00a0 \u00a0 \u00a0 \u00a0 solicitud.<\/p><p style=\"text-indent: -18.0pt; mso-list: l0 level1 lfo1;\"><!-- [if !supportLists]--><span style=\"font-family: Symbol; mso-fareast-font-family: Symbol; mso-bidi-font-family: Symbol;\">\u00a0 \u00a0 \u00a0 \u00a0 \u00a0 \u00b7<span style=\"font-variant-numeric: normal; font-variant-east-asian: normal; font-variant-alternates: normal; font-kerning: auto; font-optical-sizing: auto; font-feature-settings: normal; font-variation-settings: normal; font-stretch: normal; font-size: 7pt; line-height: normal; font-family: 'Times New Roman';\">\u00a0\u00a0\u00a0\u00a0\u00a0\u00a0\u00a0\u00a0<\/span><\/span>Documentos que acrediten la identidad del\u00a0titular.<\/p><p style=\"text-indent: -18.0pt; mso-list: l0 level1 lfo1;\"><!-- [if !supportLists]--><span style=\"font-family: Symbol; mso-fareast-font-family: Symbol; mso-bidi-font-family: Symbol;\">\u00a0 \u00a0 \u00a0 \u00a0 \u00a0 \u00b7<span style=\"font-variant-numeric: normal; font-variant-east-asian: normal; font-variant-alternates: normal; font-kerning: auto; font-optical-sizing: auto; font-feature-settings: normal; font-variation-settings: normal; font-stretch: normal; font-size: 7pt; line-height: normal; font-family: 'Times New Roman';\">\u00a0\u00a0\u00a0\u00a0\u00a0\u00a0\u00a0\u00a0<\/span><\/span>Descripci\u00f3n clara y precisa de los datos\u00a0personales respecto de los que se busca ejercer alguno de\u00a0 \u00a0 \u00a0 \u00a0 \u00a0 \u00a0 \u00a0 \u00a0 los derechos\u00a0<span style=\"color: var( --e-global-color-secondary );\">mencionados (ARCO).<\/span><\/p><p>\u00a0<\/p><p>En caso de no recibirse notificaci\u00f3n alguna de su parte, se entender\u00e1 que est\u00e1 de acuerdo con lo establecido en este\u00a0<span style=\"color: var( --e-global-color-secondary );\">documento.<\/span><\/p><p>\u00a0<\/p><p><b>COMUNICACIONES Y TRANSFERENCIAS DE DATOS PERSONALES.<\/b><\/p><p>Atenci\u00f3n Corporativa de M\u00e9xico S.A. de C.V. se asegurar\u00e1 a trav\u00e9s de la firma de convenios, que las empresas filiales o\u00a0<span style=\"color: var( --e-global-color-secondary );\">subsidiarias mantengan las medidas de seguridad, administrativas, t\u00e9cnicas y f\u00edsicas adecuadas para resguardar sus datos\u00a0<\/span><span style=\"color: var( --e-global-color-secondary );\">personales, as\u00ed como que \u00fanicamente utilicen los datos personales para las finalidades por las cuales fueron contratados y\u00a0<\/span><span style=\"color: var( --e-global-color-secondary );\">de conformidad con el presente aviso de privacidad.<\/span><\/p><p>\u00a0<\/p><p>Atenci\u00f3n Corporativa de M\u00e9xico S.A. de C.V. no ceder\u00e1 o vender\u00e1 los datos personales, el uso ser\u00e1 exclusivo para empresas\u00a0<span style=\"color: var( --e-global-color-secondary );\">de Grupo Atenci\u00f3n, empresas filiales o subsidiarias con quienes tiene convenio, en el caso en que exista la necesidad de\u00a0<\/span><span style=\"color: var( --e-global-color-secondary );\">transferir los datos personales, Atenci\u00f3n Corporativa de M\u00e9xico S.A. de C.V. debe tener el consentimiento previo de todos los\u00a0<\/span><span style=\"color: var( --e-global-color-secondary );\">titulares. Sin embargo, podr\u00e1 transferir los datos personales sin consentimiento previo del titular, s\u00f3lo en casos en que la Ley\u00a0<\/span><span style=\"color: var( --e-global-color-secondary );\">lo disponga.<\/span><\/p><p>\u00a0<\/p><p><b>CAMBIO DE AVISO DE PRIVACIDAD.<\/b><\/p><p>Atenci\u00f3n Corporativa de M\u00e9xico S.A. de C.V. se reserva el derecho de enmendar o modificar el presente aviso de privacidad\u00a0<span style=\"color: var( --e-global-color-secondary );\">para cumplir con los cambios a la legislaci\u00f3n sobre protecci\u00f3n de datos o cumplir con disposiciones internas.<\/span><\/p><p>\u00a0<\/p><p>Atenci\u00f3n Corporativa de M\u00e9xico S.A. de C.V. pondr\u00e1 a su disposici\u00f3n el aviso de privacidad actualizado cuando se realicen\u00a0<span style=\"color: var( --e-global-color-secondary );\">ajustes, as\u00ed como cuando se requiera de su consentimiento. La versi\u00f3n actualizada del aviso de privacidad est\u00e1 disponible en:<\/span><\/p><p>\u00a0<\/p><p><b>https:\/\/www.atencioncorporativa.com<\/b><\/p><p>\u00a0<\/p><p>Fecha de Actualizaci\u00f3n: Mayo 2023<\/p>\t\t\t\t\t\t<\/div>\n\t\t\t\t<\/div>\n\t\t\t\t\t<\/div>\n\t\t\t\t<\/div>\n\t\t\t\t\t\t\t<\/div>\n\t\t","protected":false},"excerpt":{"rendered":"<p>Aviso de privacidad Aviso de privacidad (Colaboradores) AVISO DE PRIVACIDAD COLABORADORES. ATENCI\u00d3N CORPORATIVA DE M\u00c9XICO S.A. DE C.V Dirigido a toda persona que proporcione sus datos a la\u00a0empresa. El presente aviso de privacidad tiene como objeto informarle\u00a0sobre el tratamiento que se dar\u00e1 a los datos personales que\u00a0sean recabados, utilizados, almacenados y\/o transferidos por\u00a0Atenci\u00f3n Corporativa de [&hellip;]<\/p>\n","protected":false},"author":1,"featured_media":0,"parent":0,"menu_order":0,"comment_status":"closed","ping_status":"closed","template":"","meta":{"footnotes":""},"class_list":["post-5000","page","type-page","status-publish","hentry"],"_links":{"self":[{"href":"https:\/\/www.atencioncorporativa.com\/index.php\/wp-json\/wp\/v2\/pages\/5000","targetHints":{"allow":["GET"]}}],"collection":[{"href":"https:\/\/www.atencioncorporativa.com\/index.php\/wp-json\/wp\/v2\/pages"}],"about":[{"href":"https:\/\/www.atencioncorporativa.com\/index.php\/wp-json\/wp\/v2\/types\/page"}],"author":[{"embeddable":true,"href":"https:\/\/www.atencioncorporativa.com\/index.php\/wp-json\/wp\/v2\/users\/1"}],"replies":[{"embeddable":true,"href":"https:\/\/www.atencioncorporativa.com\/index.php\/wp-json\/wp\/v2\/comments?post=5000"}],"version-history":[{"count":3,"href":"https:\/\/www.atencioncorporativa.com\/index.php\/wp-json\/wp\/v2\/pages\/5000\/revisions"}],"predecessor-version":[{"id":5358,"href":"https:\/\/www.atencioncorporativa.com\/index.php\/wp-json\/wp\/v2\/pages\/5000\/revisions\/5358"}],"wp:attachment":[{"href":"https:\/\/www.atencioncorporativa.com\/index.php\/wp-json\/wp\/v2\/media?parent=5000"}],"curies":[{"name":"wp","href":"https:\/\/api.w.org\/{rel}","templated":true}]}}