{"id":4405,"date":"2023-04-13T18:35:56","date_gmt":"2023-04-13T18:35:56","guid":{"rendered":"https:\/\/www.atencioncorporativa.com\/?page_id=4405"},"modified":"2023-04-27T19:36:29","modified_gmt":"2023-04-27T19:36:29","slug":"att","status":"publish","type":"page","link":"https:\/\/www.atencioncorporativa.com\/index.php\/att\/","title":{"rendered":"AT&#038;T"},"content":{"rendered":"\t\t<div data-elementor-type=\"wp-page\" data-elementor-id=\"4405\" class=\"elementor elementor-4405\">\n\t\t\t\t\t\t\t\t\t<section class=\"elementor-section elementor-top-section elementor-element elementor-element-fd85df9 elementor-section-full_width elementor-section-height-min-height elementor-section-items-bottom elementor-section-height-default\" data-id=\"fd85df9\" data-element_type=\"section\" data-settings=\"{&quot;jet_parallax_layout_list&quot;:[],&quot;background_background&quot;:&quot;classic&quot;}\">\n\t\t\t\t\t\t<div class=\"elementor-container elementor-column-gap-no\">\n\t\t\t\t\t<div class=\"elementor-column elementor-col-100 elementor-top-column elementor-element elementor-element-5c29df2\" data-id=\"5c29df2\" data-element_type=\"column\">\n\t\t\t<div class=\"elementor-widget-wrap elementor-element-populated\">\n\t\t\t\t\t\t\t\t<div class=\"elementor-element elementor-element-a0e3800 animated-slow elementor-invisible elementor-widget elementor-widget-heading\" data-id=\"a0e3800\" data-element_type=\"widget\" data-settings=\"{&quot;_animation&quot;:&quot;fadeInLeft&quot;}\" data-widget_type=\"heading.default\">\n\t\t\t\t<div class=\"elementor-widget-container\">\n\t\t\t<style>\/*! elementor - v3.13.3 - 28-05-2023 *\/\n.elementor-heading-title{padding:0;margin:0;line-height:1}.elementor-widget-heading .elementor-heading-title[class*=elementor-size-]>a{color:inherit;font-size:inherit;line-height:inherit}.elementor-widget-heading .elementor-heading-title.elementor-size-small{font-size:15px}.elementor-widget-heading .elementor-heading-title.elementor-size-medium{font-size:19px}.elementor-widget-heading .elementor-heading-title.elementor-size-large{font-size:29px}.elementor-widget-heading .elementor-heading-title.elementor-size-xl{font-size:39px}.elementor-widget-heading .elementor-heading-title.elementor-size-xxl{font-size:59px}<\/style><h2 class=\"elementor-heading-title elementor-size-default\">Casos de \u00e9xito<\/h2>\t\t<\/div>\n\t\t\t\t<\/div>\n\t\t\t\t\t<\/div>\n\t\t<\/div>\n\t\t\t\t\t\t\t<\/div>\n\t\t<\/section>\n\t\t<div class=\"elementor-element elementor-element-bda769b e-con-full e-flex e-con\" data-id=\"bda769b\" data-element_type=\"container\" data-settings=\"{&quot;content_width&quot;:&quot;full&quot;,&quot;jet_parallax_layout_list&quot;:[]}\">\n\t\t<div class=\"elementor-element elementor-element-3556e09 e-con-full e-flex e-con\" data-id=\"3556e09\" data-element_type=\"container\" data-settings=\"{&quot;content_width&quot;:&quot;full&quot;,&quot;jet_parallax_layout_list&quot;:[]}\">\n\t\t<div class=\"elementor-element elementor-element-e006a8d e-con-full e-flex e-con\" data-id=\"e006a8d\" data-element_type=\"container\" data-settings=\"{&quot;content_width&quot;:&quot;full&quot;,&quot;jet_parallax_layout_list&quot;:[]}\">\n\t\t\t\t<div class=\"elementor-element elementor-element-23692de elementor-widget elementor-widget-image\" data-id=\"23692de\" data-element_type=\"widget\" data-widget_type=\"image.default\">\n\t\t\t\t<div class=\"elementor-widget-container\">\n\t\t\t<style>\/*! elementor - v3.13.3 - 28-05-2023 *\/\n.elementor-widget-image{text-align:center}.elementor-widget-image a{display:inline-block}.elementor-widget-image a img[src$=\".svg\"]{width:48px}.elementor-widget-image img{vertical-align:middle;display:inline-block}<\/style>\t\t\t\t\t\t\t\t\t\t\t\t<img loading=\"lazy\" decoding=\"async\" width=\"158\" height=\"122\" src=\"https:\/\/www.atencioncorporativa.com\/wp-content\/uploads\/2023\/04\/Attlogo-01.svg\" class=\"attachment-full size-full wp-image-4410\" alt=\"\" \/>\t\t\t\t\t\t\t\t\t\t\t\t\t\t\t<\/div>\n\t\t\t\t<\/div>\n\t\t\t\t<div class=\"elementor-element elementor-element-514acb2 elementor-widget elementor-widget-heading\" data-id=\"514acb2\" data-element_type=\"widget\" data-widget_type=\"heading.default\">\n\t\t\t\t<div class=\"elementor-widget-container\">\n\t\t\t<h2 class=\"elementor-heading-title elementor-size-default\">AT&T<\/h2>\t\t<\/div>\n\t\t\t\t<\/div>\n\t\t\t\t<\/div>\n\t\t<div class=\"elementor-element elementor-element-d9c0155 e-con-full e-flex e-con\" data-id=\"d9c0155\" data-element_type=\"container\" data-settings=\"{&quot;content_width&quot;:&quot;full&quot;,&quot;jet_parallax_layout_list&quot;:[]}\">\n\t\t\t\t<div class=\"elementor-element elementor-element-55e97db elementor-widget elementor-widget-text-editor\" data-id=\"55e97db\" data-element_type=\"widget\" data-widget_type=\"text-editor.default\">\n\t\t\t\t<div class=\"elementor-widget-container\">\n\t\t\t<style>\/*! elementor - v3.13.3 - 28-05-2023 *\/\n.elementor-widget-text-editor.elementor-drop-cap-view-stacked .elementor-drop-cap{background-color:#69727d;color:#fff}.elementor-widget-text-editor.elementor-drop-cap-view-framed .elementor-drop-cap{color:#69727d;border:3px solid;background-color:transparent}.elementor-widget-text-editor:not(.elementor-drop-cap-view-default) .elementor-drop-cap{margin-top:8px}.elementor-widget-text-editor:not(.elementor-drop-cap-view-default) .elementor-drop-cap-letter{width:1em;height:1em}.elementor-widget-text-editor .elementor-drop-cap{float:left;text-align:center;line-height:1;font-size:50px}.elementor-widget-text-editor .elementor-drop-cap-letter{display:inline-block}<\/style>\t\t\t\t<p>El corporativo de AT&amp;T ten\u00eda originalmente equipos multifunci\u00f3n sin controlar qui\u00e9n y qu\u00e9 es lo que se imprim\u00eda en ellos, esto le generaba grandes gastos a la compa\u00f1ia, as\u00ed como fuga de informaci\u00f3n delicada.<\/p><p>\u00a0<\/p><p>Se inic\u00edo la instalaci\u00f3n de un sistema de administraci\u00f3n, con seguridad de huella digital.<\/p><p>\u00a0<\/p><p>Para las tiendas se instalaron equipos donde la venta al p\u00fablico depende de nuestros equipos, debido a que con ellos se procesan las facturas de los art\u00edculos que venden.<\/p><p>\u00a0<\/p><p>AT&amp;T cuenta con un contrato de m\u00e1s de 650 equipos multifuncionales de marcas como Canon, Konica Minolta y Xerox en arrendamiento e incluye una soluci\u00f3n de software marca Ringdale, modelo Follow Me, para conteo de copias impresiones por usuario y monitoreo de los equipos con un control de acceso biom\u00e9trico por huella digital \u00fanico en el mercado.<\/p><p>\u00a0<\/p><p>Es decir cada usuario libera ya sea impresiones o panel de control para fotocopiar con su huella digital, este sistema nos permite presentar un reporte por usuario o por centro de costos, de la misma manera nos permite entregar un reporte de c\u00faantas copias o impresiones sac\u00f3 cada usaurio as\u00ed como el nombre del archivo que imprimi\u00f3 el d\u00eda y la hora.<\/p>\t\t\t\t\t\t<\/div>\n\t\t\t\t<\/div>\n\t\t\t\t<\/div>\n\t\t\t\t<\/div>\n\t\t<div class=\"elementor-element elementor-element-2c47574 e-con-full e-flex e-con\" data-id=\"2c47574\" data-element_type=\"container\" data-settings=\"{&quot;content_width&quot;:&quot;full&quot;,&quot;background_background&quot;:&quot;classic&quot;,&quot;jet_parallax_layout_list&quot;:[]}\">\n\t\t\t\t<\/div>\n\t\t\t\t<\/div>\n\t\t\t\t\t\t\t<\/div>\n\t\t","protected":false},"excerpt":{"rendered":"<p>Casos de \u00e9xito AT&#038;T El corporativo de AT&amp;T ten\u00eda originalmente equipos multifunci\u00f3n sin controlar qui\u00e9n y qu\u00e9 es lo que se imprim\u00eda en ellos, esto le generaba grandes gastos a la compa\u00f1ia, as\u00ed como fuga de informaci\u00f3n delicada. \u00a0 Se inic\u00edo la instalaci\u00f3n de un sistema de administraci\u00f3n, con seguridad de huella digital. \u00a0 Para [&hellip;]<\/p>\n","protected":false},"author":1,"featured_media":0,"parent":0,"menu_order":0,"comment_status":"closed","ping_status":"closed","template":"","meta":{"footnotes":""},"class_list":["post-4405","page","type-page","status-publish","hentry"],"_links":{"self":[{"href":"https:\/\/www.atencioncorporativa.com\/index.php\/wp-json\/wp\/v2\/pages\/4405","targetHints":{"allow":["GET"]}}],"collection":[{"href":"https:\/\/www.atencioncorporativa.com\/index.php\/wp-json\/wp\/v2\/pages"}],"about":[{"href":"https:\/\/www.atencioncorporativa.com\/index.php\/wp-json\/wp\/v2\/types\/page"}],"author":[{"embeddable":true,"href":"https:\/\/www.atencioncorporativa.com\/index.php\/wp-json\/wp\/v2\/users\/1"}],"replies":[{"embeddable":true,"href":"https:\/\/www.atencioncorporativa.com\/index.php\/wp-json\/wp\/v2\/comments?post=4405"}],"version-history":[{"count":3,"href":"https:\/\/www.atencioncorporativa.com\/index.php\/wp-json\/wp\/v2\/pages\/4405\/revisions"}],"predecessor-version":[{"id":5169,"href":"https:\/\/www.atencioncorporativa.com\/index.php\/wp-json\/wp\/v2\/pages\/4405\/revisions\/5169"}],"wp:attachment":[{"href":"https:\/\/www.atencioncorporativa.com\/index.php\/wp-json\/wp\/v2\/media?parent=4405"}],"curies":[{"name":"wp","href":"https:\/\/api.w.org\/{rel}","templated":true}]}}