{"id":4385,"date":"2023-04-13T18:25:07","date_gmt":"2023-04-13T18:25:07","guid":{"rendered":"https:\/\/www.atencioncorporativa.com\/?page_id=4385"},"modified":"2023-04-27T19:39:24","modified_gmt":"2023-04-27T19:39:24","slug":"ixe-banco","status":"publish","type":"page","link":"https:\/\/www.atencioncorporativa.com\/index.php\/ixe-banco\/","title":{"rendered":"IXE Banco"},"content":{"rendered":"\t\t<div data-elementor-type=\"wp-page\" data-elementor-id=\"4385\" class=\"elementor elementor-4385\">\n\t\t\t\t\t\t\t\t\t<section class=\"elementor-section elementor-top-section elementor-element elementor-element-e666fe2 elementor-section-full_width elementor-section-height-min-height elementor-section-items-bottom elementor-section-height-default\" data-id=\"e666fe2\" data-element_type=\"section\" data-settings=\"{&quot;jet_parallax_layout_list&quot;:[],&quot;background_background&quot;:&quot;classic&quot;}\">\n\t\t\t\t\t\t<div class=\"elementor-container elementor-column-gap-no\">\n\t\t\t\t\t<div class=\"elementor-column elementor-col-100 elementor-top-column elementor-element elementor-element-63c902c\" data-id=\"63c902c\" data-element_type=\"column\">\n\t\t\t<div class=\"elementor-widget-wrap elementor-element-populated\">\n\t\t\t\t\t\t\t\t<div class=\"elementor-element elementor-element-9ec19c3 animated-slow elementor-invisible elementor-widget elementor-widget-heading\" data-id=\"9ec19c3\" data-element_type=\"widget\" data-settings=\"{&quot;_animation&quot;:&quot;fadeInLeft&quot;}\" data-widget_type=\"heading.default\">\n\t\t\t\t<div class=\"elementor-widget-container\">\n\t\t\t<style>\/*! elementor - v3.13.3 - 28-05-2023 *\/\n.elementor-heading-title{padding:0;margin:0;line-height:1}.elementor-widget-heading .elementor-heading-title[class*=elementor-size-]>a{color:inherit;font-size:inherit;line-height:inherit}.elementor-widget-heading .elementor-heading-title.elementor-size-small{font-size:15px}.elementor-widget-heading .elementor-heading-title.elementor-size-medium{font-size:19px}.elementor-widget-heading .elementor-heading-title.elementor-size-large{font-size:29px}.elementor-widget-heading .elementor-heading-title.elementor-size-xl{font-size:39px}.elementor-widget-heading .elementor-heading-title.elementor-size-xxl{font-size:59px}<\/style><h2 class=\"elementor-heading-title elementor-size-default\">Casos de \u00e9xito<\/h2>\t\t<\/div>\n\t\t\t\t<\/div>\n\t\t\t\t\t<\/div>\n\t\t<\/div>\n\t\t\t\t\t\t\t<\/div>\n\t\t<\/section>\n\t\t<div class=\"elementor-element elementor-element-7f42d09 e-con-full e-flex e-con\" data-id=\"7f42d09\" data-element_type=\"container\" data-settings=\"{&quot;content_width&quot;:&quot;full&quot;,&quot;jet_parallax_layout_list&quot;:[]}\">\n\t\t<div class=\"elementor-element elementor-element-6d78b97 e-con-full e-flex e-con\" data-id=\"6d78b97\" data-element_type=\"container\" data-settings=\"{&quot;content_width&quot;:&quot;full&quot;,&quot;jet_parallax_layout_list&quot;:[]}\">\n\t\t<div class=\"elementor-element elementor-element-0dcb5a3 e-con-full e-flex e-con\" data-id=\"0dcb5a3\" data-element_type=\"container\" data-settings=\"{&quot;content_width&quot;:&quot;full&quot;,&quot;jet_parallax_layout_list&quot;:[]}\">\n\t\t\t\t<div class=\"elementor-element elementor-element-7ce6d03 elementor-widget elementor-widget-image\" data-id=\"7ce6d03\" data-element_type=\"widget\" data-widget_type=\"image.default\">\n\t\t\t\t<div class=\"elementor-widget-container\">\n\t\t\t<style>\/*! elementor - v3.13.3 - 28-05-2023 *\/\n.elementor-widget-image{text-align:center}.elementor-widget-image a{display:inline-block}.elementor-widget-image a img[src$=\".svg\"]{width:48px}.elementor-widget-image img{vertical-align:middle;display:inline-block}<\/style>\t\t\t\t\t\t\t\t\t\t\t\t<img loading=\"lazy\" decoding=\"async\" width=\"158\" height=\"122\" src=\"https:\/\/www.atencioncorporativa.com\/wp-content\/uploads\/2023\/04\/Ixe-banco-01.svg\" class=\"attachment-full size-full wp-image-4390\" alt=\"\" \/>\t\t\t\t\t\t\t\t\t\t\t\t\t\t\t<\/div>\n\t\t\t\t<\/div>\n\t\t\t\t<div class=\"elementor-element elementor-element-1b9a72d elementor-widget elementor-widget-heading\" data-id=\"1b9a72d\" data-element_type=\"widget\" data-widget_type=\"heading.default\">\n\t\t\t\t<div class=\"elementor-widget-container\">\n\t\t\t<h2 class=\"elementor-heading-title elementor-size-default\">IXE Banco<\/h2>\t\t<\/div>\n\t\t\t\t<\/div>\n\t\t\t\t<\/div>\n\t\t<div class=\"elementor-element elementor-element-f40c492 e-con-full e-flex e-con\" data-id=\"f40c492\" data-element_type=\"container\" data-settings=\"{&quot;content_width&quot;:&quot;full&quot;,&quot;jet_parallax_layout_list&quot;:[]}\">\n\t\t\t\t<div class=\"elementor-element elementor-element-de6f5c6 elementor-widget elementor-widget-text-editor\" data-id=\"de6f5c6\" data-element_type=\"widget\" data-widget_type=\"text-editor.default\">\n\t\t\t\t<div class=\"elementor-widget-container\">\n\t\t\t<style>\/*! elementor - v3.13.3 - 28-05-2023 *\/\n.elementor-widget-text-editor.elementor-drop-cap-view-stacked .elementor-drop-cap{background-color:#69727d;color:#fff}.elementor-widget-text-editor.elementor-drop-cap-view-framed .elementor-drop-cap{color:#69727d;border:3px solid;background-color:transparent}.elementor-widget-text-editor:not(.elementor-drop-cap-view-default) .elementor-drop-cap{margin-top:8px}.elementor-widget-text-editor:not(.elementor-drop-cap-view-default) .elementor-drop-cap-letter{width:1em;height:1em}.elementor-widget-text-editor .elementor-drop-cap{float:left;text-align:center;line-height:1;font-size:50px}.elementor-widget-text-editor .elementor-drop-cap-letter{display:inline-block}<\/style>\t\t\t\t<p>Desde hace 6 a\u00f1os Atenci\u00f3n Corporativa ha suministrado a IXE BANCO el servicio de copiado a trav\u00e9s de la renta de equipos personales de copiado.<\/p><p>\u00a0<\/p><p>La renta de equipos de copiado personales que son \u00fanicos en el mercado, han hecho posible que el \u00e1rea donde IXE BANCO promociona sus tarjetas de cr\u00e9dito, lo haga a trav\u00e9s de puntos de venta en donde nosotros les facilitamos la entrega de consumibles, servicio de mantenimiento, incluyendo una cobertura de seguro en los equipos contra robo o p\u00e9rdida ya que los equipos est\u00e1n en constante movimiento.<\/p><p>\u00a0<\/p><p>Debido a que IXE BANCO realiza su promoci\u00f3n a nivel nacional y requiere de una precisa atenci\u00f3n y velocidad para la obtenci\u00f3n de sus reportes, han encontrado en Atenci\u00f3n Corporativa la mejor opci\u00f3n.<\/p><p>\u00a0<\/p><p>Clientes como IXE BANCO se mantienen con nosotros ya que nuestra atenci\u00f3n por parte de nuestros ejecutivos es personalizada, siempre encuentran una respuesta a sus requerimientos y constantemente les ofrecemos estar a la vanguardia tecnol\u00f3gica en cada renovaci\u00f3n de contrato.<\/p><p>\u00a0<\/p><p>Continuamos trabajando en forma conjunta con ellos para evolucionar en la tecnolog\u00eda y dejar de copiar los documentos para el tr\u00e1mite de las tarjetas.<\/p>\t\t\t\t\t\t<\/div>\n\t\t\t\t<\/div>\n\t\t\t\t<\/div>\n\t\t\t\t<\/div>\n\t\t<div class=\"elementor-element elementor-element-a63d731 e-con-full e-flex e-con\" data-id=\"a63d731\" data-element_type=\"container\" data-settings=\"{&quot;content_width&quot;:&quot;full&quot;,&quot;background_background&quot;:&quot;classic&quot;,&quot;jet_parallax_layout_list&quot;:[]}\">\n\t\t\t\t<div class=\"elementor-element elementor-element-13cfc0d elementor-widget elementor-widget-image\" data-id=\"13cfc0d\" data-element_type=\"widget\" data-widget_type=\"image.default\">\n\t\t\t\t<div class=\"elementor-widget-container\">\n\t\t\t\t\t\t\t\t\t\t\t\t\t\t\t<img loading=\"lazy\" decoding=\"async\" width=\"400\" height=\"259\" src=\"https:\/\/www.atencioncorporativa.com\/wp-content\/uploads\/2023\/04\/Ixe-imagen-pleca.jpg\" class=\"attachment-large size-large wp-image-4392\" alt=\"\" srcset=\"https:\/\/www.atencioncorporativa.com\/wp-content\/uploads\/2023\/04\/Ixe-imagen-pleca.jpg 400w, https:\/\/www.atencioncorporativa.com\/wp-content\/uploads\/2023\/04\/Ixe-imagen-pleca-300x194.jpg 300w\" sizes=\"auto, (max-width: 400px) 100vw, 400px\" \/>\t\t\t\t\t\t\t\t\t\t\t\t\t\t\t<\/div>\n\t\t\t\t<\/div>\n\t\t\t\t<div class=\"elementor-element elementor-element-1a27fd5 elementor-widget elementor-widget-text-editor\" data-id=\"1a27fd5\" data-element_type=\"widget\" data-widget_type=\"text-editor.default\">\n\t\t\t\t<div class=\"elementor-widget-container\">\n\t\t\t\t\t\t\t<ul><li>Cobertura de seguro en los equipos contra robo o p\u00e9rdida.<\/li><\/ul>\t\t\t\t\t\t<\/div>\n\t\t\t\t<\/div>\n\t\t\t\t<\/div>\n\t\t\t\t<\/div>\n\t\t\t\t\t\t\t<\/div>\n\t\t","protected":false},"excerpt":{"rendered":"<p>Casos de \u00e9xito IXE Banco Desde hace 6 a\u00f1os Atenci\u00f3n Corporativa ha suministrado a IXE BANCO el servicio de copiado a trav\u00e9s de la renta de equipos personales de copiado. \u00a0 La renta de equipos de copiado personales que son \u00fanicos en el mercado, han hecho posible que el \u00e1rea donde IXE BANCO promociona sus [&hellip;]<\/p>\n","protected":false},"author":1,"featured_media":0,"parent":0,"menu_order":0,"comment_status":"closed","ping_status":"closed","template":"","meta":{"footnotes":""},"class_list":["post-4385","page","type-page","status-publish","hentry"],"_links":{"self":[{"href":"https:\/\/www.atencioncorporativa.com\/index.php\/wp-json\/wp\/v2\/pages\/4385","targetHints":{"allow":["GET"]}}],"collection":[{"href":"https:\/\/www.atencioncorporativa.com\/index.php\/wp-json\/wp\/v2\/pages"}],"about":[{"href":"https:\/\/www.atencioncorporativa.com\/index.php\/wp-json\/wp\/v2\/types\/page"}],"author":[{"embeddable":true,"href":"https:\/\/www.atencioncorporativa.com\/index.php\/wp-json\/wp\/v2\/users\/1"}],"replies":[{"embeddable":true,"href":"https:\/\/www.atencioncorporativa.com\/index.php\/wp-json\/wp\/v2\/comments?post=4385"}],"version-history":[{"count":3,"href":"https:\/\/www.atencioncorporativa.com\/index.php\/wp-json\/wp\/v2\/pages\/4385\/revisions"}],"predecessor-version":[{"id":5182,"href":"https:\/\/www.atencioncorporativa.com\/index.php\/wp-json\/wp\/v2\/pages\/4385\/revisions\/5182"}],"wp:attachment":[{"href":"https:\/\/www.atencioncorporativa.com\/index.php\/wp-json\/wp\/v2\/media?parent=4385"}],"curies":[{"name":"wp","href":"https:\/\/api.w.org\/{rel}","templated":true}]}}