{"id":4360,"date":"2023-04-13T18:03:35","date_gmt":"2023-04-13T18:03:35","guid":{"rendered":"https:\/\/www.atencioncorporativa.com\/?page_id=4360"},"modified":"2023-06-05T17:27:37","modified_gmt":"2023-06-05T17:27:37","slug":"shcp","status":"publish","type":"page","link":"https:\/\/www.atencioncorporativa.com\/index.php\/shcp\/","title":{"rendered":"SHCP"},"content":{"rendered":"\t\t<div data-elementor-type=\"wp-page\" data-elementor-id=\"4360\" class=\"elementor elementor-4360\">\n\t\t\t\t\t\t\t\t\t<section class=\"elementor-section elementor-top-section elementor-element elementor-element-eb06a12 elementor-section-full_width elementor-section-height-min-height elementor-section-items-bottom elementor-section-height-default\" data-id=\"eb06a12\" data-element_type=\"section\" data-settings=\"{&quot;jet_parallax_layout_list&quot;:[],&quot;background_background&quot;:&quot;classic&quot;}\">\n\t\t\t\t\t\t<div class=\"elementor-container elementor-column-gap-no\">\n\t\t\t\t\t<div class=\"elementor-column elementor-col-100 elementor-top-column elementor-element elementor-element-35c3301\" data-id=\"35c3301\" data-element_type=\"column\">\n\t\t\t<div class=\"elementor-widget-wrap elementor-element-populated\">\n\t\t\t\t\t\t\t\t<div class=\"elementor-element elementor-element-c50f0e3 animated-slow elementor-invisible elementor-widget elementor-widget-heading\" data-id=\"c50f0e3\" data-element_type=\"widget\" data-settings=\"{&quot;_animation&quot;:&quot;fadeInLeft&quot;}\" data-widget_type=\"heading.default\">\n\t\t\t\t<div class=\"elementor-widget-container\">\n\t\t\t<style>\/*! elementor - v3.13.3 - 28-05-2023 *\/\n.elementor-heading-title{padding:0;margin:0;line-height:1}.elementor-widget-heading .elementor-heading-title[class*=elementor-size-]>a{color:inherit;font-size:inherit;line-height:inherit}.elementor-widget-heading .elementor-heading-title.elementor-size-small{font-size:15px}.elementor-widget-heading .elementor-heading-title.elementor-size-medium{font-size:19px}.elementor-widget-heading .elementor-heading-title.elementor-size-large{font-size:29px}.elementor-widget-heading .elementor-heading-title.elementor-size-xl{font-size:39px}.elementor-widget-heading .elementor-heading-title.elementor-size-xxl{font-size:59px}<\/style><h2 class=\"elementor-heading-title elementor-size-default\">Casos de \u00e9xito<\/h2>\t\t<\/div>\n\t\t\t\t<\/div>\n\t\t\t\t\t<\/div>\n\t\t<\/div>\n\t\t\t\t\t\t\t<\/div>\n\t\t<\/section>\n\t\t<div class=\"elementor-element elementor-element-d27892d e-con-full e-flex e-con\" data-id=\"d27892d\" data-element_type=\"container\" data-settings=\"{&quot;content_width&quot;:&quot;full&quot;,&quot;jet_parallax_layout_list&quot;:[]}\">\n\t\t<div class=\"elementor-element elementor-element-abd2f20 e-con-full e-flex e-con\" data-id=\"abd2f20\" data-element_type=\"container\" data-settings=\"{&quot;content_width&quot;:&quot;full&quot;,&quot;jet_parallax_layout_list&quot;:[]}\">\n\t\t<div class=\"elementor-element elementor-element-d7663d5 e-con-full e-flex e-con\" data-id=\"d7663d5\" data-element_type=\"container\" data-settings=\"{&quot;content_width&quot;:&quot;full&quot;,&quot;jet_parallax_layout_list&quot;:[]}\">\n\t\t\t\t<div class=\"elementor-element elementor-element-c1ffd97 elementor-widget elementor-widget-image\" data-id=\"c1ffd97\" data-element_type=\"widget\" data-widget_type=\"image.default\">\n\t\t\t\t<div class=\"elementor-widget-container\">\n\t\t\t<style>\/*! elementor - v3.13.3 - 28-05-2023 *\/\n.elementor-widget-image{text-align:center}.elementor-widget-image a{display:inline-block}.elementor-widget-image a img[src$=\".svg\"]{width:48px}.elementor-widget-image img{vertical-align:middle;display:inline-block}<\/style>\t\t\t\t\t\t\t\t\t\t\t\t<img loading=\"lazy\" decoding=\"async\" width=\"158\" height=\"122\" src=\"https:\/\/www.atencioncorporativa.com\/wp-content\/uploads\/2023\/04\/logo-shcp.svg\" class=\"attachment-full size-full wp-image-4374\" alt=\"\" \/>\t\t\t\t\t\t\t\t\t\t\t\t\t\t\t<\/div>\n\t\t\t\t<\/div>\n\t\t\t\t<div class=\"elementor-element elementor-element-c7000ba elementor-widget elementor-widget-heading\" data-id=\"c7000ba\" data-element_type=\"widget\" data-widget_type=\"heading.default\">\n\t\t\t\t<div class=\"elementor-widget-container\">\n\t\t\t<h2 class=\"elementor-heading-title elementor-size-default\">SECRETAR\u00cdA DE HACIENDA Y CR\u00c9DITO P\u00daBLICO<\/h2>\t\t<\/div>\n\t\t\t\t<\/div>\n\t\t\t\t<\/div>\n\t\t<div class=\"elementor-element elementor-element-de2cf9b e-con-full e-flex e-con\" data-id=\"de2cf9b\" data-element_type=\"container\" data-settings=\"{&quot;content_width&quot;:&quot;full&quot;,&quot;jet_parallax_layout_list&quot;:[]}\">\n\t\t\t\t<div class=\"elementor-element elementor-element-d8f6818 elementor-widget elementor-widget-text-editor\" data-id=\"d8f6818\" data-element_type=\"widget\" data-widget_type=\"text-editor.default\">\n\t\t\t\t<div class=\"elementor-widget-container\">\n\t\t\t<style>\/*! elementor - v3.13.3 - 28-05-2023 *\/\n.elementor-widget-text-editor.elementor-drop-cap-view-stacked .elementor-drop-cap{background-color:#69727d;color:#fff}.elementor-widget-text-editor.elementor-drop-cap-view-framed .elementor-drop-cap{color:#69727d;border:3px solid;background-color:transparent}.elementor-widget-text-editor:not(.elementor-drop-cap-view-default) .elementor-drop-cap{margin-top:8px}.elementor-widget-text-editor:not(.elementor-drop-cap-view-default) .elementor-drop-cap-letter{width:1em;height:1em}.elementor-widget-text-editor .elementor-drop-cap{float:left;text-align:center;line-height:1;font-size:50px}.elementor-widget-text-editor .elementor-drop-cap-letter{display:inline-block}<\/style>\t\t\t\t<p>En abril de 2013 logramos apoyar a la Secretar\u00eda de Hacienda brind\u00e1ndole el servicio de arrendamiento de 950 equipos multifuncionales, para ellos y sus organismos gubernamentales del sector financiero, que son Nafinsa, Bancomext, Banobras, Financiera Rural, Consar, Condusef, SAT e IPAB de forma emergente, en un contrato corto \u00fanicamente por 8 meses con un tiempo para instalar de 60 d\u00edas para la totalidad de los equipos, el cual logramos cumplir en la fecha se\u00f1alada de forma satisfactoria gracias a la capacidad financiera e infraestructura de servicio de nuestra empresa. Como resultado de nuestro compromiso, la SHCP renov\u00f3 el contrato de 8 meses a 36 meses con equipo nuevo.<\/p><p>\u00a0<\/p><p>De esta forma, la Secretar\u00eda procesa la totalidad de sus documentos con equipos nuevos y de \u00faltima tecnolog\u00eda. Adem\u00e1s, a trav\u00e9s de un licenciamiento de software exclusivo, son capaces de controlar de forma remota, el consumo de las copias, impresiones, y escaneos realizados por cada uno de sus usuarios, as\u00ed como el estado y disponibilidad de cada uno de los equipos y servidores que integran la soluci\u00f3n.<\/p><p>\u00a0<\/p><p>Como parte de sus pol\u00edticas internas de seguridad, el acceso a los equipos, para el proceso de documentos, es controlado por medio de tarjetas de proximidad HID, asignadas solamente a los usuarios autorizados.<\/p>\t\t\t\t\t\t<\/div>\n\t\t\t\t<\/div>\n\t\t\t\t<\/div>\n\t\t\t\t<\/div>\n\t\t<div class=\"elementor-element elementor-element-0340260 e-con-full e-flex e-con\" data-id=\"0340260\" data-element_type=\"container\" data-settings=\"{&quot;content_width&quot;:&quot;full&quot;,&quot;background_background&quot;:&quot;classic&quot;,&quot;jet_parallax_layout_list&quot;:[]}\">\n\t\t\t\t<div class=\"elementor-element elementor-element-dd4a380 elementor-widget elementor-widget-image\" data-id=\"dd4a380\" data-element_type=\"widget\" data-widget_type=\"image.default\">\n\t\t\t\t<div class=\"elementor-widget-container\">\n\t\t\t\t\t\t\t\t\t\t\t\t\t\t\t<img loading=\"lazy\" decoding=\"async\" width=\"230\" height=\"300\" src=\"https:\/\/www.atencioncorporativa.com\/wp-content\/uploads\/2023\/04\/SHCP-pleca.jpeg\" class=\"attachment-large size-large wp-image-4376\" alt=\"\" \/>\t\t\t\t\t\t\t\t\t\t\t\t\t\t\t<\/div>\n\t\t\t\t<\/div>\n\t\t\t\t<div class=\"elementor-element elementor-element-ce1a542 elementor-widget elementor-widget-text-editor\" data-id=\"ce1a542\" data-element_type=\"widget\" data-widget_type=\"text-editor.default\">\n\t\t\t\t<div class=\"elementor-widget-container\">\n\t\t\t\t\t\t\t<ul><li>M\u00e1s de 60 mil usuarios administrados por nosotros, donde se establecen las pol\u00edticas de impresi\u00f3n a color, monocromo, copiado y escaneos, de cada usuario.<\/li><\/ul>\t\t\t\t\t\t<\/div>\n\t\t\t\t<\/div>\n\t\t\t\t<\/div>\n\t\t\t\t<\/div>\n\t\t\t\t\t\t\t<\/div>\n\t\t","protected":false},"excerpt":{"rendered":"<p>Casos de \u00e9xito SECRETAR\u00cdA DE HACIENDA Y CR\u00c9DITO P\u00daBLICO En abril de 2013 logramos apoyar a la Secretar\u00eda de Hacienda brind\u00e1ndole el servicio de arrendamiento de 950 equipos multifuncionales, para ellos y sus organismos gubernamentales del sector financiero, que son Nafinsa, Bancomext, Banobras, Financiera Rural, Consar, Condusef, SAT e IPAB de forma emergente, en un [&hellip;]<\/p>\n","protected":false},"author":1,"featured_media":0,"parent":0,"menu_order":0,"comment_status":"closed","ping_status":"closed","template":"","meta":{"footnotes":""},"class_list":["post-4360","page","type-page","status-publish","hentry"],"_links":{"self":[{"href":"https:\/\/www.atencioncorporativa.com\/index.php\/wp-json\/wp\/v2\/pages\/4360","targetHints":{"allow":["GET"]}}],"collection":[{"href":"https:\/\/www.atencioncorporativa.com\/index.php\/wp-json\/wp\/v2\/pages"}],"about":[{"href":"https:\/\/www.atencioncorporativa.com\/index.php\/wp-json\/wp\/v2\/types\/page"}],"author":[{"embeddable":true,"href":"https:\/\/www.atencioncorporativa.com\/index.php\/wp-json\/wp\/v2\/users\/1"}],"replies":[{"embeddable":true,"href":"https:\/\/www.atencioncorporativa.com\/index.php\/wp-json\/wp\/v2\/comments?post=4360"}],"version-history":[{"count":3,"href":"https:\/\/www.atencioncorporativa.com\/index.php\/wp-json\/wp\/v2\/pages\/4360\/revisions"}],"predecessor-version":[{"id":5545,"href":"https:\/\/www.atencioncorporativa.com\/index.php\/wp-json\/wp\/v2\/pages\/4360\/revisions\/5545"}],"wp:attachment":[{"href":"https:\/\/www.atencioncorporativa.com\/index.php\/wp-json\/wp\/v2\/media?parent=4360"}],"curies":[{"name":"wp","href":"https:\/\/api.w.org\/{rel}","templated":true}]}}