{"id":3255,"date":"2023-02-22T21:38:43","date_gmt":"2023-02-22T21:38:43","guid":{"rendered":"https:\/\/www.atencioncorporativa.com\/?page_id=3255"},"modified":"2023-06-05T17:35:25","modified_gmt":"2023-06-05T17:35:25","slug":"omnibus","status":"publish","type":"page","link":"https:\/\/www.atencioncorporativa.com\/index.php\/omnibus\/","title":{"rendered":"Omnibus"},"content":{"rendered":"\t\t<div data-elementor-type=\"wp-page\" data-elementor-id=\"3255\" class=\"elementor elementor-3255\">\n\t\t\t\t\t\t\t\t\t<section class=\"elementor-section elementor-top-section elementor-element elementor-element-1c0a7e5 elementor-section-full_width elementor-section-height-min-height elementor-section-items-bottom elementor-section-height-default\" data-id=\"1c0a7e5\" data-element_type=\"section\" data-settings=\"{&quot;jet_parallax_layout_list&quot;:[],&quot;background_background&quot;:&quot;classic&quot;}\">\n\t\t\t\t\t\t<div class=\"elementor-container elementor-column-gap-no\">\n\t\t\t\t\t<div class=\"elementor-column elementor-col-100 elementor-top-column elementor-element elementor-element-f7153f1\" data-id=\"f7153f1\" data-element_type=\"column\">\n\t\t\t<div class=\"elementor-widget-wrap elementor-element-populated\">\n\t\t\t\t\t\t\t\t<div class=\"elementor-element elementor-element-11cac1f animated-slow elementor-invisible elementor-widget elementor-widget-heading\" data-id=\"11cac1f\" data-element_type=\"widget\" data-settings=\"{&quot;_animation&quot;:&quot;fadeInLeft&quot;}\" data-widget_type=\"heading.default\">\n\t\t\t\t<div class=\"elementor-widget-container\">\n\t\t\t<style>\/*! elementor - v3.13.3 - 28-05-2023 *\/\n.elementor-heading-title{padding:0;margin:0;line-height:1}.elementor-widget-heading .elementor-heading-title[class*=elementor-size-]>a{color:inherit;font-size:inherit;line-height:inherit}.elementor-widget-heading .elementor-heading-title.elementor-size-small{font-size:15px}.elementor-widget-heading .elementor-heading-title.elementor-size-medium{font-size:19px}.elementor-widget-heading .elementor-heading-title.elementor-size-large{font-size:29px}.elementor-widget-heading .elementor-heading-title.elementor-size-xl{font-size:39px}.elementor-widget-heading .elementor-heading-title.elementor-size-xxl{font-size:59px}<\/style><h2 class=\"elementor-heading-title elementor-size-default\">Casos de \u00e9xito<\/h2>\t\t<\/div>\n\t\t\t\t<\/div>\n\t\t\t\t\t<\/div>\n\t\t<\/div>\n\t\t\t\t\t\t\t<\/div>\n\t\t<\/section>\n\t\t<div class=\"elementor-element elementor-element-52c7549 e-con-full e-flex e-con\" data-id=\"52c7549\" data-element_type=\"container\" data-settings=\"{&quot;content_width&quot;:&quot;full&quot;,&quot;jet_parallax_layout_list&quot;:[]}\">\n\t\t<div class=\"elementor-element elementor-element-e817472 e-con-full e-flex e-con\" data-id=\"e817472\" data-element_type=\"container\" data-settings=\"{&quot;content_width&quot;:&quot;full&quot;,&quot;jet_parallax_layout_list&quot;:[]}\">\n\t\t<div class=\"elementor-element elementor-element-2a97672 e-con-full e-flex e-con\" data-id=\"2a97672\" data-element_type=\"container\" data-settings=\"{&quot;content_width&quot;:&quot;full&quot;,&quot;jet_parallax_layout_list&quot;:[]}\">\n\t\t\t\t<div class=\"elementor-element elementor-element-517b5d2 elementor-widget elementor-widget-image\" data-id=\"517b5d2\" data-element_type=\"widget\" data-widget_type=\"image.default\">\n\t\t\t\t<div class=\"elementor-widget-container\">\n\t\t\t<style>\/*! elementor - v3.13.3 - 28-05-2023 *\/\n.elementor-widget-image{text-align:center}.elementor-widget-image a{display:inline-block}.elementor-widget-image a img[src$=\".svg\"]{width:48px}.elementor-widget-image img{vertical-align:middle;display:inline-block}<\/style>\t\t\t\t\t\t\t\t\t\t\t\t<img loading=\"lazy\" decoding=\"async\" width=\"158\" height=\"122\" src=\"https:\/\/www.atencioncorporativa.com\/wp-content\/uploads\/2023\/01\/Untitled-1-03.svg\" class=\"attachment-full size-full wp-image-1038\" alt=\"\" \/>\t\t\t\t\t\t\t\t\t\t\t\t\t\t\t<\/div>\n\t\t\t\t<\/div>\n\t\t\t\t<div class=\"elementor-element elementor-element-2d6e60a elementor-widget elementor-widget-heading\" data-id=\"2d6e60a\" data-element_type=\"widget\" data-widget_type=\"heading.default\">\n\t\t\t\t<div class=\"elementor-widget-container\">\n\t\t\t<h2 class=\"elementor-heading-title elementor-size-default\">Omnibus de M\u00e9xico<\/h2>\t\t<\/div>\n\t\t\t\t<\/div>\n\t\t\t\t<\/div>\n\t\t<div class=\"elementor-element elementor-element-452a967 e-con-full e-flex e-con\" data-id=\"452a967\" data-element_type=\"container\" data-settings=\"{&quot;content_width&quot;:&quot;full&quot;,&quot;jet_parallax_layout_list&quot;:[]}\">\n\t\t\t\t<div class=\"elementor-element elementor-element-d7a3599 elementor-widget elementor-widget-text-editor\" data-id=\"d7a3599\" data-element_type=\"widget\" data-widget_type=\"text-editor.default\">\n\t\t\t\t<div class=\"elementor-widget-container\">\n\t\t\t<style>\/*! elementor - v3.13.3 - 28-05-2023 *\/\n.elementor-widget-text-editor.elementor-drop-cap-view-stacked .elementor-drop-cap{background-color:#69727d;color:#fff}.elementor-widget-text-editor.elementor-drop-cap-view-framed .elementor-drop-cap{color:#69727d;border:3px solid;background-color:transparent}.elementor-widget-text-editor:not(.elementor-drop-cap-view-default) .elementor-drop-cap{margin-top:8px}.elementor-widget-text-editor:not(.elementor-drop-cap-view-default) .elementor-drop-cap-letter{width:1em;height:1em}.elementor-widget-text-editor .elementor-drop-cap{float:left;text-align:center;line-height:1;font-size:50px}.elementor-widget-text-editor .elementor-drop-cap-letter{display:inline-block}<\/style>\t\t\t\t<p>Hemos trabajado con Omnibus de M\u00e9xico por m\u00e1s de dos a\u00f1os. Nuestra alianza comenz\u00f3 con una llamada en fr\u00edo y una visita de nuestro Subdirector Comercial solidific\u00f3 la decisi\u00f3n de quedarse con Atenci\u00f3n Corporativa.<\/p>\t\t\t\t\t\t<\/div>\n\t\t\t\t<\/div>\n\t\t\t\t<div class=\"elementor-element elementor-element-973afd0 elementor-widget elementor-widget-heading\" data-id=\"973afd0\" data-element_type=\"widget\" data-widget_type=\"heading.default\">\n\t\t\t\t<div class=\"elementor-widget-container\">\n\t\t\t<h2 class=\"elementor-heading-title elementor-size-default\">Konica Minolta BIZHUB-501<\/h2>\t\t<\/div>\n\t\t\t\t<\/div>\n\t\t\t\t<div class=\"elementor-element elementor-element-f3d3531 elementor-widget elementor-widget-image\" data-id=\"f3d3531\" data-element_type=\"widget\" data-widget_type=\"image.default\">\n\t\t\t\t<div class=\"elementor-widget-container\">\n\t\t\t\t\t\t\t\t\t\t\t\t\t\t\t<img loading=\"lazy\" decoding=\"async\" width=\"800\" height=\"808\" src=\"https:\/\/www.atencioncorporativa.com\/wp-content\/uploads\/2023\/04\/Omnibus-de-mexico-equipo.jpg\" class=\"attachment-large size-large wp-image-4331\" alt=\"\" srcset=\"https:\/\/www.atencioncorporativa.com\/wp-content\/uploads\/2023\/04\/Omnibus-de-mexico-equipo.jpg 800w, https:\/\/www.atencioncorporativa.com\/wp-content\/uploads\/2023\/04\/Omnibus-de-mexico-equipo-297x300.jpg 297w, https:\/\/www.atencioncorporativa.com\/wp-content\/uploads\/2023\/04\/Omnibus-de-mexico-equipo-768x776.jpg 768w\" sizes=\"auto, (max-width: 800px) 100vw, 800px\" \/>\t\t\t\t\t\t\t\t\t\t\t\t\t\t\t<\/div>\n\t\t\t\t<\/div>\n\t\t\t\t<div class=\"elementor-element elementor-element-abf6d98 elementor-widget elementor-widget-text-editor\" data-id=\"abf6d98\" data-element_type=\"widget\" data-widget_type=\"text-editor.default\">\n\t\t\t\t<div class=\"elementor-widget-container\">\n\t\t\t\t\t\t\t<p>Logramos la reducci\u00f3n en el n\u00famero de equipos de marcas Canon, HP y Lexmark, de 200 a 30, redujimos el uso de papel que se usaba innecesariamente y se logro un ahorro de luz.<\/p><p>Todo esto nos ayud\u00f3 a ofrecerle a nuestro cliente un ahorro de casi el 70%. La relaci\u00f3n actual que tenemos con nuestros proveedores nos permiti\u00f3 ofrecerle al cliente un contrato con los mejores servicios de impresi\u00f3n, considerando un precio competitivo a la mitad del precio que les ofrec\u00eda la competencia, sin contar que nosotros les ofrecemos un servicio directo y exclusivo.<\/p><p>Al contar con una soluci\u00f3n de impresi\u00f3n administrada, Omnibus de M\u00e9xico ha logrado:<\/p><ul><li>Reducci\u00f3n en sus gastos de impresi\u00f3n<\/li><li>Reducci\u00f3n en gasto de papel<\/li><li>Reducci\u00f3n en el n\u00famero de impresoras<\/li><li>Generar reportes de uso de impresiones<\/li><\/ul><div>\u00a0<\/div><p>Ahora, el cliente puede saber qu\u00e9, cu\u00e1nto y cu\u00e1ndo imprime cada usuario (control interno en el uso de los equipos por sus usuarios). Adicional a ello, optimizamos el uso del espacio y el uso de energ\u00eda el\u00e9ctrica al desconectar varias impresoras, centralizando los trabajos en equipos multifuncionales.<\/p>\t\t\t\t\t\t<\/div>\n\t\t\t\t<\/div>\n\t\t\t\t<\/div>\n\t\t\t\t<\/div>\n\t\t<div class=\"elementor-element elementor-element-5838816 e-con-full e-flex e-con\" data-id=\"5838816\" data-element_type=\"container\" data-settings=\"{&quot;content_width&quot;:&quot;full&quot;,&quot;background_background&quot;:&quot;classic&quot;,&quot;jet_parallax_layout_list&quot;:[]}\">\n\t\t\t\t<div class=\"elementor-element elementor-element-4535956 elementor-widget elementor-widget-image\" data-id=\"4535956\" data-element_type=\"widget\" data-widget_type=\"image.default\">\n\t\t\t\t<div class=\"elementor-widget-container\">\n\t\t\t\t\t\t\t\t\t\t\t\t\t\t\t<img loading=\"lazy\" decoding=\"async\" width=\"233\" height=\"307\" src=\"https:\/\/www.atencioncorporativa.com\/wp-content\/uploads\/2023\/02\/omnibus-e1682550577787.jpg\" class=\"attachment-large size-large wp-image-3257\" alt=\"\" srcset=\"https:\/\/www.atencioncorporativa.com\/wp-content\/uploads\/2023\/02\/omnibus-e1682550577787.jpg 233w, https:\/\/www.atencioncorporativa.com\/wp-content\/uploads\/2023\/02\/omnibus-e1682550577787-228x300.jpg 228w\" sizes=\"auto, (max-width: 233px) 100vw, 233px\" \/>\t\t\t\t\t\t\t\t\t\t\t\t\t\t\t<\/div>\n\t\t\t\t<\/div>\n\t\t\t\t<div class=\"elementor-element elementor-element-65a16a7 elementor-widget elementor-widget-text-editor\" data-id=\"65a16a7\" data-element_type=\"widget\" data-widget_type=\"text-editor.default\">\n\t\t\t\t<div class=\"elementor-widget-container\">\n\t\t\t\t\t\t\t<p>Reducci\u00f3n en el n\u00famero de equipos de impresi\u00f3n de 200 a 30 logrando un ahorro de casi el <strong>70% en costos<\/strong><\/p>\t\t\t\t\t\t<\/div>\n\t\t\t\t<\/div>\n\t\t\t\t<\/div>\n\t\t\t\t<\/div>\n\t\t\t\t\t\t\t<\/div>\n\t\t","protected":false},"excerpt":{"rendered":"<p>Casos de \u00e9xito Omnibus de M\u00e9xico Hemos trabajado con Omnibus de M\u00e9xico por m\u00e1s de dos a\u00f1os. Nuestra alianza comenz\u00f3 con una llamada en fr\u00edo y una visita de nuestro Subdirector Comercial solidific\u00f3 la decisi\u00f3n de quedarse con Atenci\u00f3n Corporativa. Konica Minolta BIZHUB-501 Logramos la reducci\u00f3n en el n\u00famero de equipos de marcas Canon, HP [&hellip;]<\/p>\n","protected":false},"author":1,"featured_media":0,"parent":0,"menu_order":0,"comment_status":"closed","ping_status":"closed","template":"","meta":{"footnotes":""},"class_list":["post-3255","page","type-page","status-publish","hentry"],"_links":{"self":[{"href":"https:\/\/www.atencioncorporativa.com\/index.php\/wp-json\/wp\/v2\/pages\/3255","targetHints":{"allow":["GET"]}}],"collection":[{"href":"https:\/\/www.atencioncorporativa.com\/index.php\/wp-json\/wp\/v2\/pages"}],"about":[{"href":"https:\/\/www.atencioncorporativa.com\/index.php\/wp-json\/wp\/v2\/types\/page"}],"author":[{"embeddable":true,"href":"https:\/\/www.atencioncorporativa.com\/index.php\/wp-json\/wp\/v2\/users\/1"}],"replies":[{"embeddable":true,"href":"https:\/\/www.atencioncorporativa.com\/index.php\/wp-json\/wp\/v2\/comments?post=3255"}],"version-history":[{"count":3,"href":"https:\/\/www.atencioncorporativa.com\/index.php\/wp-json\/wp\/v2\/pages\/3255\/revisions"}],"predecessor-version":[{"id":5551,"href":"https:\/\/www.atencioncorporativa.com\/index.php\/wp-json\/wp\/v2\/pages\/3255\/revisions\/5551"}],"wp:attachment":[{"href":"https:\/\/www.atencioncorporativa.com\/index.php\/wp-json\/wp\/v2\/media?parent=3255"}],"curies":[{"name":"wp","href":"https:\/\/api.w.org\/{rel}","templated":true}]}}